{"id":2563,"date":"2017-02-10T09:50:22","date_gmt":"2017-02-10T09:50:22","guid":{"rendered":"http:\/\/themes.potenzaglobal.com\/cardealer\/?page_id=2563"},"modified":"2021-09-08T15:27:23","modified_gmt":"2021-09-08T13:27:23","slug":"autopozicovna","status":"publish","type":"page","link":"https:\/\/aslfinance.eu\/index.php\/autopozicovna\/","title":{"rendered":"Autopo\u017ei\u010dov\u0148a"},"content":{"rendered":"<p>[vc_row el_class=&#8221;box-border services-line&#8221;][vc_column]\t<div id=\"cd_space_69f219f77d4ac\" class=\"cd-space cd-space-69f219f77d4c1\" data-id=\"69f219f77d4aa\" data-tablet=\"70\" data-tablet-portrait=\"60\" data-mobile=\"50\" data-mobile-portrait=\"40\" data-desktop=\"80\" style=\"clear:both; display:block;\"><\/div>\n\t[vc_row_inner][vc_column_inner width=&#8221;1\/3&#8243;][vc_single_image image=&#8221;7610&#8243; img_size=&#8221;full&#8221; alignment=&#8221;center&#8221;]\t<div id=\"cd_feature_box_cd_feature_box_69f219f77d4d9\" class=\"feature-box feature-border style-4 default-feature no-image\t\t\t\t\t\t\">\n\t\t\t\t<div class=\"icon\">\n\t\t\t<i class=\"glyph-icon flaticon-car-1\"><\/i>\n\t\t<\/div>\n\t\t<div class=\"content\">\n\t\t\t<a  id=\"cd_feature_box_69f219f77d4d9\">        \t\t\n\t\t\t\t<h6>\u0160KODA Super B<\/h6>\t\t\t<\/a>\n\t\t\t<p>80\u20ac \/ 1300\u20ac (de\u0148\/mesiac)<\/p>\t\t<\/div>\n\t<\/div>\n\t[\/vc_column_inner][vc_column_inner width=&#8221;1\/3&#8243;][vc_single_image image=&#8221;7611&#8243; img_size=&#8221;full&#8221; alignment=&#8221;center&#8221;]\t<div id=\"cd_feature_box_cd_feature_box_69f219f77d4f9\" class=\"feature-box feature-border style-4 default-feature no-image\t\t\t\t\t\t\">\n\t\t\t\t<div class=\"icon\">\n\t\t\t<i class=\"glyph-icon flaticon-car-1\"><\/i>\n\t\t<\/div>\n\t\t<div class=\"content\">\n\t\t\t<a  id=\"cd_feature_box_69f219f77d4f9\">        \t\t\n\t\t\t\t<h6>\u0160KODA Octavia<\/h6>\t\t\t<\/a>\n\t\t\t<p>55\u20ac \/ 890\u20ac (de\u0148\/mesiac)<\/p>\t\t<\/div>\n\t<\/div>\n\t[\/vc_column_inner][vc_column_inner width=&#8221;1\/3&#8243;][vc_single_image image=&#8221;7612&#8243; img_size=&#8221;full&#8221; alignment=&#8221;center&#8221;]\t<div id=\"cd_feature_box_cd_feature_box_69f219f77d50a\" class=\"feature-box feature-border style-4 default-feature no-image\t\t\t\t\t\t\">\n\t\t\t\t<div class=\"icon\">\n\t\t\t<i class=\"glyph-icon flaticon-car-1\"><\/i>\n\t\t<\/div>\n\t\t<div class=\"content\">\n\t\t\t<a  id=\"cd_feature_box_69f219f77d50a\">        \t\t\n\t\t\t\t<h6>\u0160KODA Fabia<\/h6>\t\t\t<\/a>\n\t\t\t<p>29\u20ac \/ 490\u20ac (de\u0148\/mesiac)<\/p>\t\t<\/div>\n\t<\/div>\n\t[\/vc_column_inner][\/vc_row_inner][vc_row_inner disable_element=&#8221;yes&#8221;][vc_column_inner width=&#8221;1\/3&#8243;][vc_single_image image=&#8221;7613&#8243; img_size=&#8221;full&#8221; alignment=&#8221;center&#8221;]\t<div id=\"cd_feature_box_cd_feature_box_69f219f77d518\" class=\"feature-box feature-border style-4 default-feature no-image\t\t\t\t\t\t\">\n\t\t\t\t<div class=\"icon\">\n\t\t\t<i class=\"glyph-icon flaticon-car-1\"><\/i>\n\t\t<\/div>\n\t\t<div class=\"content\">\n\t\t\t<a  id=\"cd_feature_box_69f219f77d518\">        \t\t\n\t\t\t\t<h6>\u0160KODA FABIA COMBI<\/h6>\t\t\t<\/a>\n\t\t\t<p>30\u20ac \/ 500\u20ac (de\u0148\/mesiac)<\/p>\t\t<\/div>\n\t<\/div>\n\t[\/vc_column_inner][vc_column_inner width=&#8221;1\/3&#8243;][vc_single_image image=&#8221;7614&#8243; img_size=&#8221;full&#8221; alignment=&#8221;center&#8221;]\t<div id=\"cd_feature_box_cd_feature_box_69f219f77d524\" class=\"feature-box feature-border style-4 default-feature no-image\t\t\t\t\t\t\">\n\t\t\t\t<div class=\"icon\">\n\t\t\t<i class=\"glyph-icon flaticon-car-1\"><\/i>\n\t\t<\/div>\n\t\t<div class=\"content\">\n\t\t\t<a  id=\"cd_feature_box_69f219f77d524\">        \t\t\n\t\t\t\t<h6>\u0160KODA OCTAVIA COMBI<\/h6>\t\t\t<\/a>\n\t\t\t<p>57\u20ac \/ 900\u20ac (de\u0148\/mesiac)<\/p>\t\t<\/div>\n\t<\/div>\n\t[\/vc_column_inner][vc_column_inner width=&#8221;1\/3&#8243;][vc_single_image image=&#8221;7578&#8243; img_size=&#8221;full&#8221; alignment=&#8221;center&#8221;]\t<div id=\"cd_feature_box_cd_feature_box_69f219f77d531\" class=\"feature-box feature-border style-4 default-feature no-image\t\t\t\t\t\t\">\n\t\t\t\t<div class=\"icon\">\n\t\t\t<i class=\"glyph-icon flaticon-car-1\"><\/i>\n\t\t<\/div>\n\t\t<div class=\"content\">\n\t\t\t<a  id=\"cd_feature_box_69f219f77d531\">        \t\t\n\t\t\t\t<h6>VW TRANSPORTER<\/h6>\t\t\t<\/a>\n\t\t\t<p>89\u20ac \/ 1400\u20ac (de\u0148\/mesiac)<\/p>\t\t<\/div>\n\t<\/div>\n\t[\/vc_column_inner][\/vc_row_inner]\t<div id=\"cd_space_69f219f77d53e\" class=\"cd-space cd-space-69f219f77d53f\" data-id=\"69f219f77d53d\" data-tablet=\"70\" data-tablet-portrait=\"60\" data-mobile=\"50\" data-mobile-portrait=\"40\" data-desktop=\"80\" style=\"clear:both; display:block;\"><\/div>\n\t[\/vc_column][\/vc_row]<\/p>\n","protected":false},"excerpt":{"rendered":"<p>[vc_row el_class=&#8221;box-border services-line&#8221;][vc_column][vc_row_inner][vc_column_inner width=&#8221;1\/3&#8243;][vc_single_image image=&#8221;7610&#8243; img_size=&#8221;full&#8221; alignment=&#8221;center&#8221;][\/vc_column_inner][vc_column_inner width=&#8221;1\/3&#8243;][vc_single_image image=&#8221;7611&#8243; img_size=&#8221;full&#8221; alignment=&#8221;center&#8221;][\/vc_column_inner][vc_column_inner width=&#8221;1\/3&#8243;][vc_single_image image=&#8221;7612&#8243; img_size=&#8221;full&#8221; alignment=&#8221;center&#8221;][\/vc_column_inner][\/vc_row_inner][vc_row_inner disable_element=&#8221;yes&#8221;][vc_column_inner width=&#8221;1\/3&#8243;][vc_single_image image=&#8221;7613&#8243; img_size=&#8221;full&#8221; alignment=&#8221;center&#8221;][\/vc_column_inner][vc_column_inner width=&#8221;1\/3&#8243;][vc_single_image image=&#8221;7614&#8243; img_size=&#8221;full&#8221; alignment=&#8221;center&#8221;][\/vc_column_inner][vc_column_inner width=&#8221;1\/3&#8243;][vc_single_image image=&#8221;7578&#8243; img_size=&#8221;full&#8221; alignment=&#8221;center&#8221;][\/vc_column_inner][\/vc_row_inner][\/vc_column][\/vc_row]<\/p>\n","protected":false},"author":1,"featured_media":0,"parent":0,"menu_order":0,"comment_status":"closed","ping_status":"closed","template":"templates\/page-vc_compatible.php","meta":[],"_links":{"self":[{"href":"https:\/\/aslfinance.eu\/index.php\/wp-json\/wp\/v2\/pages\/2563"}],"collection":[{"href":"https:\/\/aslfinance.eu\/index.php\/wp-json\/wp\/v2\/pages"}],"about":[{"href":"https:\/\/aslfinance.eu\/index.php\/wp-json\/wp\/v2\/types\/page"}],"author":[{"embeddable":true,"href":"https:\/\/aslfinance.eu\/index.php\/wp-json\/wp\/v2\/users\/1"}],"replies":[{"embeddable":true,"href":"https:\/\/aslfinance.eu\/index.php\/wp-json\/wp\/v2\/comments?post=2563"}],"version-history":[{"count":6,"href":"https:\/\/aslfinance.eu\/index.php\/wp-json\/wp\/v2\/pages\/2563\/revisions"}],"predecessor-version":[{"id":7617,"href":"https:\/\/aslfinance.eu\/index.php\/wp-json\/wp\/v2\/pages\/2563\/revisions\/7617"}],"wp:attachment":[{"href":"https:\/\/aslfinance.eu\/index.php\/wp-json\/wp\/v2\/media?parent=2563"}],"curies":[{"name":"wp","href":"https:\/\/api.w.org\/{rel}","templated":true}]}}