{"id":4715,"date":"2017-04-24T06:49:38","date_gmt":"2017-04-24T06:49:38","guid":{"rendered":"http:\/\/themes.potenzaglobal.com\/cardealer\/?page_id=4715"},"modified":"2021-09-01T17:19:47","modified_gmt":"2021-09-01T15:19:47","slug":"fin-sluzby","status":"publish","type":"page","link":"https:\/\/aslfinance.eu\/index.php\/fin-sluzby\/","title":{"rendered":"Finan\u010dn\u00e9 slu\u017eby"},"content":{"rendered":"<p>[vc_row][vc_column]\t<div id=\"cd_space_69f2e66432d44\" class=\"cd-space cd-space-69f2e66432d5d\" data-id=\"69f2e66432d43\" data-tablet=\"70\" data-tablet-portrait=\"60\" data-mobile=\"50\" data-mobile-portrait=\"40\" data-desktop=\"80\" style=\"clear:both; display:block;\"><\/div>\n\t[vc_row_inner][vc_column_inner el_class=&#8221;custom-block-2&#8243; width=&#8221;1\/2&#8243;][vc_raw_html]JTNDaDIlM0VGSU5BTiVDNCU4Q04lQzMlODklMjBTTFUlQzUlQkRCWSUyMFNQT0xPJUM0JThDTk9TVEklMjBBU0wlM0MlMkZoMiUzRSUwQSUzQ3VsJTNFJTBBJTNDbGklM0VaYW9iZXIlQzMlQTFtZSUyMHNhJTIwZmluYW4lQzQlOERuJUMzJUJEbWklMjBzbHUlQzUlQkViYW1pJTIwdiVDNSVBMWV0ayVDMyVBOWhvJTIwZHJ1aHUuJTNDJTJGbGklM0UlMEElM0NsaSUzRUZpbmFuY292YW5pZSUyMG1vdG9yb3YlQzMlQkRjaCUyMHZvemlkaWVsJTIwcHJvc3RyZWRuJUMzJUFEY3R2b20lMjBsZWFzaW5ndSUyMGElMjBhdXRvLSVDMyVCQXZlcnUuJTNDJTJGbGklM0UlMEElM0NsaSUzRU9wZXJhdCVDMyVBRHZueSUyMGxlYXNpbmclMjB1JTIwbiVDMyVBMXMlMjB6YSUyMHYlQzMlQkRob2RuJUMzJUJEY2glMjBwb2RtaWVub2slMjBhJTIwcHJpYW1vJTIwbmElMjBtaWVydSUyMGtsaWVudGEuJTNDJTJGbGklM0UlMEElM0NsaSUzRUZpbmFuY292YW5pZSUyMHZhJUM1JUExaWNoJTIwcHJvamVrdG92JTJDJTIwdnliYXZvdmFuaWUlMjBhJTIwcG9yYWRlbnN0dm8lMjBwcmUlMjBoeXBvdGVrJUMzJUExcm5lJTIwJUMzJUJBdmVyeS4lM0MlMkZsaSUzRSUwQSUzQ2xpJTNFWiVDMyVBMWtvbm4lQzMlQTklMjBwb2lzdGVuaWUlMjB2b3ppZGllbCUyMHByaWFtbyUyMHUlMjBuJUMzJUExcyUyMGElMjBiZXolMjAlQzQlOERha2FuaWEuJTNDJTJGbGklM0UlMEElM0NsaSUzRUhhdmFyaWpuJUMzJUE5JTIwcG9pc3RlbmllJTIwdm96aWRpZWwuJTNDJTJGbGklM0UlMEElM0NsaSUzRVpuYWxlY2slQzMlQTklMjBwb3N1ZGt5JTIwJTI4JTIwY2VzdG91JTIwcGFydG5lcnNrZWolMjBjZXJ0aWZpa292YW5laiUyMGFnZW50JUMzJUJBcnkuJTIwJTI5JTNDJTJGbGklM0UlMEElM0MlMkZ1bCUzRQ==[\/vc_raw_html][\/vc_column_inner][vc_column_inner width=&#8221;1\/2&#8243;][vc_single_image image=&#8221;7522&#8243; img_size=&#8221;full&#8221; alignment=&#8221;center&#8221;][\/vc_column_inner][\/vc_row_inner]\t<div id=\"cd_space_69f2e66432d74\" class=\"cd-space cd-space-69f2e66432d76\" data-id=\"69f2e66432d73\" data-tablet=\"70\" data-tablet-portrait=\"60\" data-mobile=\"50\" data-mobile-portrait=\"40\" data-desktop=\"80\" style=\"clear:both; display:block;\"><\/div>\n\t[\/vc_column][\/vc_row]<\/p>\n","protected":false},"excerpt":{"rendered":"<p>[vc_row][vc_column][vc_row_inner][vc_column_inner el_class=&#8221;custom-block-2&#8243; width=&#8221;1\/2&#8243;][vc_raw_html]JTNDaDIlM0VGSU5BTiVDNCU4Q04lQzMlODklMjBTTFUlQzUlQkRCWSUyMFNQT0xPJUM0JThDTk9TVEklMjBBU0wlM0MlMkZoMiUzRSUwQSUzQ3VsJTNFJTBBJTNDbGklM0VaYW9iZXIlQzMlQTFtZSUyMHNhJTIwZmluYW4lQzQlOERuJUMzJUJEbWklMjBzbHUlQzUlQkViYW1pJTIwdiVDNSVBMWV0ayVDMyVBOWhvJTIwZHJ1aHUuJTNDJTJGbGklM0UlMEElM0NsaSUzRUZpbmFuY292YW5pZSUyMG1vdG9yb3YlQzMlQkRjaCUyMHZvemlkaWVsJTIwcHJvc3RyZWRuJUMzJUFEY3R2b20lMjBsZWFzaW5ndSUyMGElMjBhdXRvLSVDMyVCQXZlcnUuJTNDJTJGbGklM0UlMEElM0NsaSUzRU9wZXJhdCVDMyVBRHZueSUyMGxlYXNpbmclMjB1JTIwbiVDMyVBMXMlMjB6YSUyMHYlQzMlQkRob2RuJUMzJUJEY2glMjBwb2RtaWVub2slMjBhJTIwcHJpYW1vJTIwbmElMjBtaWVydSUyMGtsaWVudGEuJTNDJTJGbGklM0UlMEElM0NsaSUzRUZpbmFuY292YW5pZSUyMHZhJUM1JUExaWNoJTIwcHJvamVrdG92JTJDJTIwdnliYXZvdmFuaWUlMjBhJTIwcG9yYWRlbnN0dm8lMjBwcmUlMjBoeXBvdGVrJUMzJUExcm5lJTIwJUMzJUJBdmVyeS4lM0MlMkZsaSUzRSUwQSUzQ2xpJTNFWiVDMyVBMWtvbm4lQzMlQTklMjBwb2lzdGVuaWUlMjB2b3ppZGllbCUyMHByaWFtbyUyMHUlMjBuJUMzJUExcyUyMGElMjBiZXolMjAlQzQlOERha2FuaWEuJTNDJTJGbGklM0UlMEElM0NsaSUzRUhhdmFyaWpuJUMzJUE5JTIwcG9pc3RlbmllJTIwdm96aWRpZWwuJTNDJTJGbGklM0UlMEElM0NsaSUzRVpuYWxlY2slQzMlQTklMjBwb3N1ZGt5JTIwJTI4JTIwY2VzdG91JTIwcGFydG5lcnNrZWolMjBjZXJ0aWZpa292YW5laiUyMGFnZW50JUMzJUJBcnkuJTIwJTI5JTNDJTJGbGklM0UlMEElM0MlMkZ1bCUzRQ==[\/vc_raw_html][\/vc_column_inner][vc_column_inner width=&#8221;1\/2&#8243;][vc_single_image image=&#8221;7522&#8243; img_size=&#8221;full&#8221; alignment=&#8221;center&#8221;][\/vc_column_inner][\/vc_row_inner][\/vc_column][\/vc_row]<\/p>\n","protected":false},"author":1,"featured_media":0,"parent":0,"menu_order":0,"comment_status":"closed","ping_status":"closed","template":"templates\/page-vc_compatible.php","meta":[],"_links":{"self":[{"href":"https:\/\/aslfinance.eu\/index.php\/wp-json\/wp\/v2\/pages\/4715"}],"collection":[{"href":"https:\/\/aslfinance.eu\/index.php\/wp-json\/wp\/v2\/pages"}],"about":[{"href":"https:\/\/aslfinance.eu\/index.php\/wp-json\/wp\/v2\/types\/page"}],"author":[{"embeddable":true,"href":"https:\/\/aslfinance.eu\/index.php\/wp-json\/wp\/v2\/users\/1"}],"replies":[{"embeddable":true,"href":"https:\/\/aslfinance.eu\/index.php\/wp-json\/wp\/v2\/comments?post=4715"}],"version-history":[{"count":7,"href":"https:\/\/aslfinance.eu\/index.php\/wp-json\/wp\/v2\/pages\/4715\/revisions"}],"predecessor-version":[{"id":7528,"href":"https:\/\/aslfinance.eu\/index.php\/wp-json\/wp\/v2\/pages\/4715\/revisions\/7528"}],"wp:attachment":[{"href":"https:\/\/aslfinance.eu\/index.php\/wp-json\/wp\/v2\/media?parent=4715"}],"curies":[{"name":"wp","href":"https:\/\/api.w.org\/{rel}","templated":true}]}}