{"id":4792,"date":"2017-04-24T13:57:54","date_gmt":"2017-04-24T13:57:54","guid":{"rendered":"http:\/\/themes.potenzaglobal.com\/cardealer\/?page_id=4792"},"modified":"2021-09-06T18:11:43","modified_gmt":"2021-09-06T16:11:43","slug":"partneri","status":"publish","type":"page","link":"https:\/\/aslfinance.eu\/index.php\/partneri\/","title":{"rendered":"Partneri"},"content":{"rendered":"<p>[vc_row][vc_column]\t<div id=\"cd_space_69f278afecd41\" class=\"cd-space cd-space-69f278afecd57\" data-id=\"69f278afecd40\" data-tablet=\"70\" data-tablet-portrait=\"60\" data-mobile=\"50\" data-mobile-portrait=\"40\" data-desktop=\"80\" style=\"clear:both; display:block;\"><\/div>\n\t\t<div class=\"section-title text-left style_1\">\n\t\t\t\t\t\t<span><\/span>\n\t\t\t\t\t\t\t<h1>Partneri<\/h1>\n\t\t\t\t\t\t\t<div class=\"separator\"><\/div>\n\t\t\t\t\t<\/div>\n\t[\/vc_column][\/vc_row][vc_row][vc_column width=&#8221;1\/2&#8243;][vc_single_image image=&#8221;7535&#8243; img_size=&#8221;full&#8221; onclick=&#8221;custom_link&#8221; img_link_target=&#8221;_blank&#8221; link=&#8221;https:\/\/www.poistisaonline.sk\/&#8221;]\t<div id=\"cd_space_69f278afecd7d\" class=\"cd-space cd-space-69f278afecd7f\" data-id=\"69f278afecd7c\" data-tablet=\"70\" data-tablet-portrait=\"60\" data-mobile=\"50\" data-mobile-portrait=\"40\" data-desktop=\"80\" style=\"clear:both; display:block;\"><\/div>\n\t[\/vc_column][vc_column width=&#8221;1\/2&#8243;]\t<div class=\"section-title text-left style_1\">\n\t\t\t\t\t\t<span><\/span>\n\t\t\t\t\t\t\t<h3>POISTENIE S POISTISAONLINE.SK ?<\/h3>\n\t\t\t\t\t\t\t<div class=\"separator\"><\/div>\n\t\t\t\t\t\t\t\t<p>V spolupr\u00e1ci s na\u0161\u00edm partnerom AP-MP s.r.o. sme pre V\u00e1s pripravili mo\u017enos\u0165 uzatvori\u0165 poistenie V\u00e1\u0161ho vozidla priamo u n\u00e1s.<\/p>\n<p><a href=\"https:\/\/www.icm2.sk\/apmppoistenie\/?ref=a5c088865da3b26e105b1c1750cab76b&amp;\" target=\"_blank\" rel=\"noopener\">Nez\u00e1v\u00e4zn\u00e1 cenov\u00e1 kalkul\u00e1cia<\/a><\/p>\n\t\t\t\t\t<\/div>\n\t[\/vc_column][\/vc_row][vc_row][vc_column width=&#8221;1\/2&#8243;][vc_single_image image=&#8221;7595&#8243; img_size=&#8221;full&#8221; onclick=&#8221;custom_link&#8221; img_link_target=&#8221;_blank&#8221; link=&#8221;https:\/\/www.cofidis.sk\/&#8221;]\t<div id=\"cd_space_69f278afecd96\" class=\"cd-space cd-space-69f278afecd97\" data-id=\"69f278afecd95\" data-tablet=\"70\" data-tablet-portrait=\"60\" data-mobile=\"50\" data-mobile-portrait=\"40\" data-desktop=\"80\" style=\"clear:both; display:block;\"><\/div>\n\t[\/vc_column][vc_column width=&#8221;1\/2&#8243;]\t<div class=\"section-title text-left style_1\">\n\t\t\t\t\t\t<span><\/span>\n\t\t\t\t\t\t\t<h3>PRE\u010cO VYU\u017dI\u0164 COFIDIS?<\/h3>\n\t\t\t\t\t\t\t<div class=\"separator\"><\/div>\n\t\t\t\t\t\t\t\t<p>COFIDIS je \u0161pecialista na spotrebite\u013esk\u00e9 financovanie. Na Slovensku poskytujeme klientom financovanie n\u00e1kupu motorov\u00fdch vozidiel a \u00fa\u010delov\u00e9 spotrebite\u013esk\u00e9 \u00favery.<\/p>\n<p><a href=\"https:\/\/www.cofidis.sk\/o-nas\/\" target=\"_blank\" rel=\"noopener\">Chcem vedie\u0165 viac<\/a><\/p>\n\t\t\t\t\t<\/div>\n\t[\/vc_column][\/vc_row][vc_row][vc_column width=&#8221;1\/2&#8243;][vc_single_image image=&#8221;7597&#8243; img_size=&#8221;full&#8221; onclick=&#8221;custom_link&#8221; img_link_target=&#8221;_blank&#8221; link=&#8221;https:\/\/www.homecredit.sk\/&#8221;]\t<div id=\"cd_space_69f278afecdac\" class=\"cd-space cd-space-69f278afecdad\" data-id=\"69f278afecdab\" data-tablet=\"70\" data-tablet-portrait=\"60\" data-mobile=\"50\" data-mobile-portrait=\"40\" data-desktop=\"80\" style=\"clear:both; display:block;\"><\/div>\n\t[\/vc_column][vc_column width=&#8221;1\/2&#8243;]\t<div class=\"section-title text-left style_1\">\n\t\t\t\t\t\t<span><\/span>\n\t\t\t\t\t\t\t<h3>PRE\u010cO VYU\u017dI\u0164 HOME CREDIT?<\/h3>\n\t\t\t\t\t\t\t<div class=\"separator\"><\/div>\n\t\t\t\t\t\t\t\t<p>Spolo\u010dnos\u0165 Home Credit Slovakia, a. s., zalo\u017een\u00e1 v roku 1999, je jedn\u00fdm z popredn\u00fdch poskytovate\u013eov spotrebite\u013esk\u00e9ho financovania na Slovensku. Spolo\u010dnos\u0165 pon\u00faka \u0161irok\u00fa \u0161k\u00e1lu \u00faverov\u00fdch produktov ako n\u00e1kup na spl\u00e1tky v mieste predaja, auto \u00favery, p\u00f4\u017ei\u010dky na kartu, kreditn\u00e9 karty, revolvingov\u00e9 p\u00f4\u017ei\u010dky a spojenie p\u00f4\u017ei\u010diek.<\/p>\n<p><a href=\"https:\/\/www.homecredit.sk\/\" target=\"_blank\" rel=\"noopener\">Chcem vedie\u0165 viac<\/a><\/p>\n\t\t\t\t\t<\/div>\n\t[\/vc_column][\/vc_row][vc_row][vc_column width=&#8221;1\/2&#8243;][vc_single_image image=&#8221;7599&#8243; img_size=&#8221;full&#8221; onclick=&#8221;custom_link&#8221; img_link_target=&#8221;_blank&#8221; link=&#8221;https:\/\/www.csobleasing.sk\/&#8221;]\t<div id=\"cd_space_69f278afecdc0\" class=\"cd-space cd-space-69f278afecdc1\" data-id=\"69f278afecdbf\" data-tablet=\"70\" data-tablet-portrait=\"60\" data-mobile=\"50\" data-mobile-portrait=\"40\" data-desktop=\"80\" style=\"clear:both; display:block;\"><\/div>\n\t[\/vc_column][vc_column width=&#8221;1\/2&#8243;]\t<div class=\"section-title text-left style_1\">\n\t\t\t\t\t\t<span><\/span>\n\t\t\t\t\t\t\t<h3>PRE\u010cO VYU\u017dI\u0164 \u010cSOB LEASING?<\/h3>\n\t\t\t\t\t\t\t<div class=\"separator\"><\/div>\n\t\t\t\t\t\t\t\t<p>Nekupujte v hotovosti, ve\u010f invest\u00edciu si m\u00f4\u017eete rozlo\u017ei\u0165 na spl\u00e1tky!<br \/>\nAk potrebujete reprezentat\u00edvne, rodinn\u00e9 alebo \u00fa\u017eitkov\u00e9 vozidlo, sta\u010d\u00ed si vybra\u0165 a my zariadime v\u0161etko ostatn\u00e9.<\/p>\n<p><a href=\"https:\/\/www.csobleasing.sk\/\" target=\"_blank\" rel=\"noopener\">Chcem vedie\u0165 viac<\/a><\/p>\n\t\t\t\t\t<\/div>\n\t[\/vc_column][\/vc_row]<\/p>\n","protected":false},"excerpt":{"rendered":"<p>[vc_row][vc_column][\/vc_column][\/vc_row][vc_row][vc_column width=&#8221;1\/2&#8243;][vc_single_image image=&#8221;7535&#8243; img_size=&#8221;full&#8221; onclick=&#8221;custom_link&#8221; img_link_target=&#8221;_blank&#8221; link=&#8221;https:\/\/www.poistisaonline.sk\/&#8221;][\/vc_column][vc_column width=&#8221;1\/2&#8243;][\/vc_column][\/vc_row][vc_row][vc_column width=&#8221;1\/2&#8243;][vc_single_image image=&#8221;7595&#8243; img_size=&#8221;full&#8221; onclick=&#8221;custom_link&#8221; img_link_target=&#8221;_blank&#8221; link=&#8221;https:\/\/www.cofidis.sk\/&#8221;][\/vc_column][vc_column width=&#8221;1\/2&#8243;][\/vc_column][\/vc_row][vc_row][vc_column width=&#8221;1\/2&#8243;][vc_single_image image=&#8221;7597&#8243; img_size=&#8221;full&#8221; onclick=&#8221;custom_link&#8221; img_link_target=&#8221;_blank&#8221; link=&#8221;https:\/\/www.homecredit.sk\/&#8221;][\/vc_column][vc_column width=&#8221;1\/2&#8243;][\/vc_column][\/vc_row][vc_row][vc_column width=&#8221;1\/2&#8243;][vc_single_image image=&#8221;7599&#8243; img_size=&#8221;full&#8221; onclick=&#8221;custom_link&#8221; img_link_target=&#8221;_blank&#8221; link=&#8221;https:\/\/www.csobleasing.sk\/&#8221;][\/vc_column][vc_column width=&#8221;1\/2&#8243;][\/vc_column][\/vc_row]<\/p>\n","protected":false},"author":1,"featured_media":0,"parent":0,"menu_order":0,"comment_status":"closed","ping_status":"closed","template":"templates\/page-vc_compatible.php","meta":[],"_links":{"self":[{"href":"https:\/\/aslfinance.eu\/index.php\/wp-json\/wp\/v2\/pages\/4792"}],"collection":[{"href":"https:\/\/aslfinance.eu\/index.php\/wp-json\/wp\/v2\/pages"}],"about":[{"href":"https:\/\/aslfinance.eu\/index.php\/wp-json\/wp\/v2\/types\/page"}],"author":[{"embeddable":true,"href":"https:\/\/aslfinance.eu\/index.php\/wp-json\/wp\/v2\/users\/1"}],"replies":[{"embeddable":true,"href":"https:\/\/aslfinance.eu\/index.php\/wp-json\/wp\/v2\/comments?post=4792"}],"version-history":[{"count":6,"href":"https:\/\/aslfinance.eu\/index.php\/wp-json\/wp\/v2\/pages\/4792\/revisions"}],"predecessor-version":[{"id":7601,"href":"https:\/\/aslfinance.eu\/index.php\/wp-json\/wp\/v2\/pages\/4792\/revisions\/7601"}],"wp:attachment":[{"href":"https:\/\/aslfinance.eu\/index.php\/wp-json\/wp\/v2\/media?parent=4792"}],"curies":[{"name":"wp","href":"https:\/\/api.w.org\/{rel}","templated":true}]}}